{"id":1173,"date":"2025-04-11T11:00:56","date_gmt":"2025-04-11T09:00:56","guid":{"rendered":"https:\/\/www.compagniadellostilepisano.it\/?page_id=1173"},"modified":"2025-04-11T11:00:56","modified_gmt":"2025-04-11T09:00:56","slug":"lotta-al-degrado","status":"publish","type":"page","link":"https:\/\/www.compagniadellostilepisano.it\/?page_id=1173","title":{"rendered":"Lotta al degrado"},"content":{"rendered":"\n<p>La Compagnia dello StilePisano si \u00e8 fin da subito fatta promotrice di una lotta al degrado urbano, nel particolare nella stesura del <strong>progetto Muri Puliti<\/strong>.<\/p>\n\n\n\n<p>L&#8217;obiettivo \u00e8 di fare crescere una sensibilit\u00e0 verso la citt\u00e0 in cui si abita e si vive, facendo capire che le pareti degli edifici, siano o meno di interesse storico, non sono tavolozze su cui poter effettuare graffiti, spessissimo privi di qualsiasi valenza artistica, scritte inneggianti a polemice politico-sociali o affissione abusiva di manifesti e locandine.<\/p>\n\n\n\n<p>Inoltre il mancato controllo da parte di chi di dovere porta all&#8217;effetto &#8220;\u00e8 gi\u00e0 degradato, quindi posso aggiungere anch&#8217;io degrado&#8221; (la teoria delle &#8220;finestre rotte&#8221;). Pertanto la campagna di sensibilizzazione \u00e8 diretta a tutti i livelli.<\/p>\n\n\n\n<p>La Compagnia dello StilePisano ha anche segnalato molti altri casi di degrado, dalla gestione di certi eventi, come i Cento Giorni all&#8217;Esame (in passato molto pi\u00f9 caotici). Zone centriche della citt\u00e0 lasciate all&#8217;abbandono: mucchi di spazzatura in pieno giorno, palazzi diroccati, nessun controllo, o insufficienti, sull&#8217;abusivismo commerciale per le strade,  ecc.<\/p>\n\n\n\n<figure class=\"wp-block-gallery has-nested-images columns-default is-cropped wp-block-gallery-1 is-layout-flex wp-block-gallery-is-layout-flex\">\n<figure class=\"wp-block-image size-large\"><a href=\"https:\/\/www.compagniadellostilepisano.it\/wp-content\/uploads\/2025\/04\/2007_apr_18_nazione_muripuliti.jpg\"><img loading=\"lazy\" decoding=\"async\" width=\"1024\" height=\"982\" data-id=\"1174\" src=\"https:\/\/www.compagniadellostilepisano.it\/wp-content\/uploads\/2025\/04\/2007_apr_18_nazione_muripuliti-1024x982.jpg\" alt=\"\" class=\"wp-image-1174\" srcset=\"https:\/\/www.compagniadellostilepisano.it\/wp-content\/uploads\/2025\/04\/2007_apr_18_nazione_muripuliti-1024x982.jpg 1024w, https:\/\/www.compagniadellostilepisano.it\/wp-content\/uploads\/2025\/04\/2007_apr_18_nazione_muripuliti-300x288.jpg 300w, https:\/\/www.compagniadellostilepisano.it\/wp-content\/uploads\/2025\/04\/2007_apr_18_nazione_muripuliti-768x736.jpg 768w, https:\/\/www.compagniadellostilepisano.it\/wp-content\/uploads\/2025\/04\/2007_apr_18_nazione_muripuliti.jpg 1040w\" sizes=\"auto, (max-width: 1024px) 100vw, 1024px\" \/><\/a><\/figure>\n\n\n\n<figure class=\"wp-block-image size-large\"><a href=\"https:\/\/www.compagniadellostilepisano.it\/wp-content\/uploads\/2025\/04\/2007_gen_06_nazione_spina.jpg\"><img loading=\"lazy\" decoding=\"async\" width=\"717\" height=\"568\" data-id=\"1175\" src=\"https:\/\/www.compagniadellostilepisano.it\/wp-content\/uploads\/2025\/04\/2007_gen_06_nazione_spina.jpg\" alt=\"\" class=\"wp-image-1175\" srcset=\"https:\/\/www.compagniadellostilepisano.it\/wp-content\/uploads\/2025\/04\/2007_gen_06_nazione_spina.jpg 717w, https:\/\/www.compagniadellostilepisano.it\/wp-content\/uploads\/2025\/04\/2007_gen_06_nazione_spina-300x238.jpg 300w\" sizes=\"auto, (max-width: 717px) 100vw, 717px\" \/><\/a><\/figure>\n\n\n\n<figure class=\"wp-block-image size-large\"><a href=\"https:\/\/www.compagniadellostilepisano.it\/wp-content\/uploads\/2025\/04\/2008_lug_28_tirreno_discarica.jpg\"><img loading=\"lazy\" decoding=\"async\" width=\"436\" height=\"728\" data-id=\"1177\" src=\"https:\/\/www.compagniadellostilepisano.it\/wp-content\/uploads\/2025\/04\/2008_lug_28_tirreno_discarica.jpg\" alt=\"\" class=\"wp-image-1177\" srcset=\"https:\/\/www.compagniadellostilepisano.it\/wp-content\/uploads\/2025\/04\/2008_lug_28_tirreno_discarica.jpg 436w, https:\/\/www.compagniadellostilepisano.it\/wp-content\/uploads\/2025\/04\/2008_lug_28_tirreno_discarica-180x300.jpg 180w\" sizes=\"auto, (max-width: 436px) 100vw, 436px\" \/><\/a><\/figure>\n\n\n\n<figure class=\"wp-block-image size-large\"><a href=\"https:\/\/www.compagniadellostilepisano.it\/wp-content\/uploads\/2025\/04\/2008_mar_26_nazione_muripuliti.jpg\"><img loading=\"lazy\" decoding=\"async\" width=\"1024\" height=\"525\" data-id=\"1178\" src=\"https:\/\/www.compagniadellostilepisano.it\/wp-content\/uploads\/2025\/04\/2008_mar_26_nazione_muripuliti-1024x525.jpg\" alt=\"\" class=\"wp-image-1178\" srcset=\"https:\/\/www.compagniadellostilepisano.it\/wp-content\/uploads\/2025\/04\/2008_mar_26_nazione_muripuliti-1024x525.jpg 1024w, https:\/\/www.compagniadellostilepisano.it\/wp-content\/uploads\/2025\/04\/2008_mar_26_nazione_muripuliti-300x154.jpg 300w, https:\/\/www.compagniadellostilepisano.it\/wp-content\/uploads\/2025\/04\/2008_mar_26_nazione_muripuliti-768x394.jpg 768w, https:\/\/www.compagniadellostilepisano.it\/wp-content\/uploads\/2025\/04\/2008_mar_26_nazione_muripuliti-1536x787.jpg 1536w, https:\/\/www.compagniadellostilepisano.it\/wp-content\/uploads\/2025\/04\/2008_mar_26_nazione_muripuliti-2048x1050.jpg 2048w\" sizes=\"auto, (max-width: 1024px) 100vw, 1024px\" \/><\/a><\/figure>\n<\/figure>\n","protected":false},"excerpt":{"rendered":"<p>La Compagnia dello StilePisano si \u00e8 fin da subito fatta promotrice di una lotta al degrado urbano, nel particolare nella stesura del progetto Muri Puliti. L&#8217;obiettivo \u00e8 di fare crescere una sensibilit\u00e0 verso la citt\u00e0 in cui si abita e si vive, facendo capire che le pareti degli edifici, siano o meno di interesse storico,&hellip;<\/p>\n","protected":false},"author":1,"featured_media":0,"parent":0,"menu_order":0,"comment_status":"closed","ping_status":"closed","template":"","meta":{"footnotes":""},"class_list":["post-1173","page","type-page","status-publish","hentry"],"_links":{"self":[{"href":"https:\/\/www.compagniadellostilepisano.it\/index.php?rest_route=\/wp\/v2\/pages\/1173","targetHints":{"allow":["GET"]}}],"collection":[{"href":"https:\/\/www.compagniadellostilepisano.it\/index.php?rest_route=\/wp\/v2\/pages"}],"about":[{"href":"https:\/\/www.compagniadellostilepisano.it\/index.php?rest_route=\/wp\/v2\/types\/page"}],"author":[{"embeddable":true,"href":"https:\/\/www.compagniadellostilepisano.it\/index.php?rest_route=\/wp\/v2\/users\/1"}],"replies":[{"embeddable":true,"href":"https:\/\/www.compagniadellostilepisano.it\/index.php?rest_route=%2Fwp%2Fv2%2Fcomments&post=1173"}],"version-history":[{"count":1,"href":"https:\/\/www.compagniadellostilepisano.it\/index.php?rest_route=\/wp\/v2\/pages\/1173\/revisions"}],"predecessor-version":[{"id":1179,"href":"https:\/\/www.compagniadellostilepisano.it\/index.php?rest_route=\/wp\/v2\/pages\/1173\/revisions\/1179"}],"wp:attachment":[{"href":"https:\/\/www.compagniadellostilepisano.it\/index.php?rest_route=%2Fwp%2Fv2%2Fmedia&parent=1173"}],"curies":[{"name":"wp","href":"https:\/\/api.w.org\/{rel}","templated":true}]}}