{"id":1184,"date":"2025-04-11T11:37:31","date_gmt":"2025-04-11T09:37:31","guid":{"rendered":"https:\/\/www.compagniadellostilepisano.it\/?page_id=1184"},"modified":"2025-04-11T11:45:54","modified_gmt":"2025-04-11T09:45:54","slug":"progetto-quartieri","status":"publish","type":"page","link":"https:\/\/www.compagniadellostilepisano.it\/?page_id=1184","title":{"rendered":"Progetto Quartieri"},"content":{"rendered":"\n<p>Per anni i soli quartieri noti ai Pisani sono stati quelli medicei, utilizzati per il Palio di San Ranieri e per il Gioco del Ponte. Tuttavia non sono i quartieri storici della citt\u00e0, quelli che si sono sviluppati con la citt\u00e0 stessa e che, ahim\u00e9 erano caduti nel dimenticatoio per anni. Solo grazie all&#8217;associazione degli Amici di Pisa vennero realizzate delle bandiere con gli stemmi dei quattro quartieri storici Ponte, Mezzo, Fuoriporta e Kinzica, e apposte all&#8217;interno della chiesa di San Sisto, col benestare del rettore.<\/p>\n\n\n\n<p>La Compagnia dello StilePisano, da quando \u00e8 stata fondata, ha investito molto sulla divulgazione di quali fossero i quartieri storici, senza nulla togliere alla divisione attuale molto legata ai giochi tradizionali.<\/p>\n\n\n\n<p>In tempi recenti anche l&#8217;amministrazione comunale ha promosso una conoscenza dei quartieri storici portandone le insegne nelle varie manifestazioni storiche e gli stendardi, con le descrizioni dei quartieri, sono visibili tutti i giorni feriali nel Museo delle Tradizioni Storiche a Palazzo Gambacorti.<\/p>\n\n\n\n<figure class=\"wp-block-gallery has-nested-images columns-default is-cropped wp-block-gallery-1 is-layout-flex wp-block-gallery-is-layout-flex\">\n<figure class=\"wp-block-image size-large\"><a href=\"https:\/\/www.compagniadellostilepisano.it\/wp-content\/uploads\/2025\/04\/Quartieri_Tico2-scaled.jpg\"><img loading=\"lazy\" decoding=\"async\" width=\"1024\" height=\"725\" data-id=\"1185\" src=\"https:\/\/www.compagniadellostilepisano.it\/wp-content\/uploads\/2025\/04\/Quartieri_Tico2-1024x725.jpg\" alt=\"\" class=\"wp-image-1185\" srcset=\"https:\/\/www.compagniadellostilepisano.it\/wp-content\/uploads\/2025\/04\/Quartieri_Tico2-1024x725.jpg 1024w, https:\/\/www.compagniadellostilepisano.it\/wp-content\/uploads\/2025\/04\/Quartieri_Tico2-300x212.jpg 300w, https:\/\/www.compagniadellostilepisano.it\/wp-content\/uploads\/2025\/04\/Quartieri_Tico2-768x544.jpg 768w, https:\/\/www.compagniadellostilepisano.it\/wp-content\/uploads\/2025\/04\/Quartieri_Tico2-1536x1088.jpg 1536w, https:\/\/www.compagniadellostilepisano.it\/wp-content\/uploads\/2025\/04\/Quartieri_Tico2-2048x1451.jpg 2048w\" sizes=\"auto, (max-width: 1024px) 100vw, 1024px\" \/><\/a><\/figure>\n\n\n\n<figure class=\"wp-block-image size-large\"><a href=\"https:\/\/www.compagniadellostilepisano.it\/wp-content\/uploads\/2024\/09\/Livello-14.png\"><img loading=\"lazy\" decoding=\"async\" width=\"362\" height=\"290\" data-id=\"761\" src=\"https:\/\/www.compagniadellostilepisano.it\/wp-content\/uploads\/2024\/09\/Livello-14.png\" alt=\"Bandiera di Ponte\" class=\"wp-image-761\" srcset=\"https:\/\/www.compagniadellostilepisano.it\/wp-content\/uploads\/2024\/09\/Livello-14.png 362w, https:\/\/www.compagniadellostilepisano.it\/wp-content\/uploads\/2024\/09\/Livello-14-300x240.png 300w\" sizes=\"auto, (max-width: 362px) 100vw, 362px\" \/><\/a><figcaption class=\"wp-element-caption\">Stendardo di Ponte<\/figcaption><\/figure>\n\n\n\n<figure class=\"wp-block-image size-large\"><a href=\"https:\/\/www.compagniadellostilepisano.it\/wp-content\/uploads\/2025\/04\/Bandiera-Mezzo.png\"><img loading=\"lazy\" decoding=\"async\" width=\"1024\" height=\"819\" data-id=\"1190\" src=\"https:\/\/www.compagniadellostilepisano.it\/wp-content\/uploads\/2025\/04\/Bandiera-Mezzo-1024x819.png\" alt=\"\" class=\"wp-image-1190\" srcset=\"https:\/\/www.compagniadellostilepisano.it\/wp-content\/uploads\/2025\/04\/Bandiera-Mezzo-1024x819.png 1024w, https:\/\/www.compagniadellostilepisano.it\/wp-content\/uploads\/2025\/04\/Bandiera-Mezzo-300x240.png 300w, https:\/\/www.compagniadellostilepisano.it\/wp-content\/uploads\/2025\/04\/Bandiera-Mezzo-768x614.png 768w, https:\/\/www.compagniadellostilepisano.it\/wp-content\/uploads\/2025\/04\/Bandiera-Mezzo.png 1280w\" sizes=\"auto, (max-width: 1024px) 100vw, 1024px\" \/><\/a><figcaption class=\"wp-element-caption\">Stendardo di Mezzo<\/figcaption><\/figure>\n\n\n\n<figure class=\"wp-block-image size-large\"><a href=\"https:\/\/www.compagniadellostilepisano.it\/wp-content\/uploads\/2024\/04\/bandiera-foriporta.png\"><img loading=\"lazy\" decoding=\"async\" width=\"500\" height=\"401\" data-id=\"734\" src=\"https:\/\/www.compagniadellostilepisano.it\/wp-content\/uploads\/2024\/04\/bandiera-foriporta.png\" alt=\"\" class=\"wp-image-734\" srcset=\"https:\/\/www.compagniadellostilepisano.it\/wp-content\/uploads\/2024\/04\/bandiera-foriporta.png 500w, https:\/\/www.compagniadellostilepisano.it\/wp-content\/uploads\/2024\/04\/bandiera-foriporta-300x241.png 300w\" sizes=\"auto, (max-width: 500px) 100vw, 500px\" \/><\/a><figcaption class=\"wp-element-caption\">Stendardo di Foriporta<\/figcaption><\/figure>\n\n\n\n<figure class=\"wp-block-image size-large\"><a href=\"https:\/\/www.compagniadellostilepisano.it\/wp-content\/uploads\/2024\/05\/Senza-titolo-1.png\"><img loading=\"lazy\" decoding=\"async\" width=\"586\" height=\"469\" data-id=\"742\" src=\"https:\/\/www.compagniadellostilepisano.it\/wp-content\/uploads\/2024\/05\/Senza-titolo-1.png\" alt=\"Bandiera Kinzica\" class=\"wp-image-742\" srcset=\"https:\/\/www.compagniadellostilepisano.it\/wp-content\/uploads\/2024\/05\/Senza-titolo-1.png 586w, https:\/\/www.compagniadellostilepisano.it\/wp-content\/uploads\/2024\/05\/Senza-titolo-1-300x240.png 300w\" sizes=\"auto, (max-width: 586px) 100vw, 586px\" \/><\/a><figcaption class=\"wp-element-caption\">Stendardo di Kinzica<\/figcaption><\/figure>\n<\/figure>\n","protected":false},"excerpt":{"rendered":"<p>Per anni i soli quartieri noti ai Pisani sono stati quelli medicei, utilizzati per il Palio di San Ranieri e per il Gioco del Ponte. Tuttavia non sono i quartieri storici della citt\u00e0, quelli che si sono sviluppati con la citt\u00e0 stessa e che, ahim\u00e9 erano caduti nel dimenticatoio per anni. Solo grazie all&#8217;associazione degli&hellip;<\/p>\n","protected":false},"author":1,"featured_media":0,"parent":0,"menu_order":0,"comment_status":"closed","ping_status":"closed","template":"","meta":{"footnotes":""},"class_list":["post-1184","page","type-page","status-publish","hentry"],"_links":{"self":[{"href":"https:\/\/www.compagniadellostilepisano.it\/index.php?rest_route=\/wp\/v2\/pages\/1184","targetHints":{"allow":["GET"]}}],"collection":[{"href":"https:\/\/www.compagniadellostilepisano.it\/index.php?rest_route=\/wp\/v2\/pages"}],"about":[{"href":"https:\/\/www.compagniadellostilepisano.it\/index.php?rest_route=\/wp\/v2\/types\/page"}],"author":[{"embeddable":true,"href":"https:\/\/www.compagniadellostilepisano.it\/index.php?rest_route=\/wp\/v2\/users\/1"}],"replies":[{"embeddable":true,"href":"https:\/\/www.compagniadellostilepisano.it\/index.php?rest_route=%2Fwp%2Fv2%2Fcomments&post=1184"}],"version-history":[{"count":2,"href":"https:\/\/www.compagniadellostilepisano.it\/index.php?rest_route=\/wp\/v2\/pages\/1184\/revisions"}],"predecessor-version":[{"id":1192,"href":"https:\/\/www.compagniadellostilepisano.it\/index.php?rest_route=\/wp\/v2\/pages\/1184\/revisions\/1192"}],"wp:attachment":[{"href":"https:\/\/www.compagniadellostilepisano.it\/index.php?rest_route=%2Fwp%2Fv2%2Fmedia&parent=1184"}],"curies":[{"name":"wp","href":"https:\/\/api.w.org\/{rel}","templated":true}]}}