{"id":872,"date":"2025-02-07T23:39:35","date_gmt":"2025-02-07T22:39:35","guid":{"rendered":"https:\/\/www.compagniadellostilepisano.it\/?page_id=872"},"modified":"2025-02-07T23:39:35","modified_gmt":"2025-02-07T22:39:35","slug":"chi-siamo","status":"publish","type":"page","link":"https:\/\/www.compagniadellostilepisano.it\/?page_id=872","title":{"rendered":"Chi siamo"},"content":{"rendered":"\n<p>La <strong>Compagnia dello StilePisano<\/strong> nasce il <strong>9 agosto del 2006 <\/strong>da un gruppo di amici innamorati e coscienti di abitare in una citt\u00e0 ricca di storia, tradizione e infrastrutture degne di una Grande citt\u00e0.<\/p>\n\n\n<div class=\"wp-block-image\">\n<figure class=\"alignleft size-medium is-resized\"><a href=\"https:\/\/www.compagniadellostilepisano.it\/wp-content\/uploads\/2016\/12\/08-08-06-03-a.jpg\"><img loading=\"lazy\" decoding=\"async\" width=\"300\" height=\"225\" src=\"https:\/\/www.compagniadellostilepisano.it\/wp-content\/uploads\/2016\/12\/08-08-06-03-a-300x225.jpg\" alt=\"\" class=\"wp-image-464\" style=\"width:288px;height:auto\" srcset=\"https:\/\/www.compagniadellostilepisano.it\/wp-content\/uploads\/2016\/12\/08-08-06-03-a-300x225.jpg 300w, https:\/\/www.compagniadellostilepisano.it\/wp-content\/uploads\/2016\/12\/08-08-06-03-a-768x576.jpg 768w, https:\/\/www.compagniadellostilepisano.it\/wp-content\/uploads\/2016\/12\/08-08-06-03-a-1024x768.jpg 1024w, https:\/\/www.compagniadellostilepisano.it\/wp-content\/uploads\/2016\/12\/08-08-06-03-a.jpg 2048w\" sizes=\"auto, (max-width: 300px) 100vw, 300px\" \/><\/a><figcaption class=\"wp-element-caption\"><em>La Compagnia dello StilePisano alla fondazione, quando ancora si chiamava &#8220;Associazione StilePisano&#8221;<\/em><\/figcaption><\/figure>\n<\/div>\n\n\n<p>In questi anni l&#8217;associazione si \u00e9 distinta in diverse battaglie: innumerevoli gli <strong>interventi per salvaguardare la pisanit\u00e0<\/strong> di eventi culturali, vedesi Gioco del Ponte, Agrifiera, festa a Marina del litorale, contro la loro fiorentinizzazione.<\/p>\n\n\n\n<p>\u00c8 nota la stesura del <strong>dossier \u201cMuri Puliti\u201d<\/strong>, per sensibilizzare e istruire al rispetto del patrimonio artistico cittadino danneggiato da scritte con spray e innumerevoli manifesti abusivi. Tale dossier fu consegnato a tutti i consiglieri delle giunte Fontanelli e Filippeschi e venne firmato dal 90% delle associazioni cittadine.<\/p>\n\n\n<div class=\"wp-block-image\">\n<figure class=\"alignright size-large is-resized\"><a href=\"https:\/\/www.compagniadellostilepisano.it\/wp-content\/uploads\/2024\/07\/sposalizio-logo.jpg\"><img loading=\"lazy\" decoding=\"async\" width=\"1024\" height=\"920\" src=\"https:\/\/www.compagniadellostilepisano.it\/wp-content\/uploads\/2024\/07\/sposalizio-logo-1024x920.jpg\" alt=\"\" class=\"wp-image-750\" style=\"width:238px;height:auto\" srcset=\"https:\/\/www.compagniadellostilepisano.it\/wp-content\/uploads\/2024\/07\/sposalizio-logo-1024x920.jpg 1024w, https:\/\/www.compagniadellostilepisano.it\/wp-content\/uploads\/2024\/07\/sposalizio-logo-300x270.jpg 300w, https:\/\/www.compagniadellostilepisano.it\/wp-content\/uploads\/2024\/07\/sposalizio-logo-768x690.jpg 768w, https:\/\/www.compagniadellostilepisano.it\/wp-content\/uploads\/2024\/07\/sposalizio-logo-1536x1381.jpg 1536w, https:\/\/www.compagniadellostilepisano.it\/wp-content\/uploads\/2024\/07\/sposalizio-logo-2048x1841.jpg 2048w\" sizes=\"auto, (max-width: 1024px) 100vw, 1024px\" \/><\/a><\/figure>\n<\/div>\n\n\n<p>Nel 2008 abbiamo ripristinato un\u2019antica e prestigiosa festa pisana, ovvero lo <strong>\u201cSposalizio del mare\u201d<\/strong> che avviene ogni 6 di luglio, senza tuttavia l\u2019aspetto religioso che possedeva e di cui non abbiamo, ovviamente, la competenza. Questo evento \u00e8 stato da noi riproposto negli anni a seguire.<\/p>\n\n\n\n<p>Nel 2009 abbiamo posto sulla <strong>Torre Civica di Vecchiano<\/strong> la <strong>bandiera Rossocrociata simbolo di Pisa<\/strong> e della gente della valdiserchio, con grande gioia dei cittadini vecchianesi. Inoltre ringraziamo don Renato Melani per la sua disponibilit\u00e0 e cortesia. Ovviamente ogni anno la bandiera viene cambiata per motivi di usura. Nello stesso anno sono state date due <strong>bandiere coi simboli pisani, Croce ed Aquila, al Pisa Calcio<\/strong> (oggi Pisa Sporting Club) per sensibilizzare le tifoserie calcistiche alla citt\u00e0. Le bandiere sono accurate e fedeli ai simboli usati oggi da Comune e Provincia di Pisa rispettivamente, sotto loro gentile concessione.<\/p>\n\n\n<div class=\"wp-block-image\">\n<figure class=\"alignleft size-full is-resized\"><a href=\"https:\/\/www.compagniadellostilepisano.it\/wp-content\/uploads\/2025\/02\/bandiera-vecchiano.jpg\"><img loading=\"lazy\" decoding=\"async\" width=\"1024\" height=\"768\" src=\"https:\/\/www.compagniadellostilepisano.it\/wp-content\/uploads\/2025\/02\/bandiera-vecchiano.jpg\" alt=\"\" class=\"wp-image-873\" style=\"width:305px;height:auto\" srcset=\"https:\/\/www.compagniadellostilepisano.it\/wp-content\/uploads\/2025\/02\/bandiera-vecchiano.jpg 1024w, https:\/\/www.compagniadellostilepisano.it\/wp-content\/uploads\/2025\/02\/bandiera-vecchiano-300x225.jpg 300w, https:\/\/www.compagniadellostilepisano.it\/wp-content\/uploads\/2025\/02\/bandiera-vecchiano-768x576.jpg 768w\" sizes=\"auto, (max-width: 1024px) 100vw, 1024px\" \/><\/a><\/figure>\n<\/div>\n\n\n<p>Dall&#8217;anno scolastico 2011\/2012 stiamo portando avanti con la scuola elementare di Pappiana il <strong>progetto \u201cConoscere Pisa\u201d<\/strong> dove ogni anno facciamo due uscite con le classi III, IV e V del tempo modulare alla scoperta delle bellezze artistiche della citt\u00e0 e del suo immediato territorio.<\/p>\n\n\n\n<p>Nel 2014 abbiamo contribuito agli eventi culturali del Comune di Pisa per il 450\u00b0 dalla nascita di Galileo&nbsp; Galilei con dei percorsi galileiani in citt\u00e0 e una visita speciale alla torre del Cantone.<\/p>\n\n\n\n<p>Anche se non propriamente legati alla storia di Pisa, la Compagnia dello StilePisano \u00e8 solita organizzare almeno una visita guidata alle <strong>principali mostre tenute nel centro espositivo \u201cPalazzo Blu\u201d<\/strong> in quanto eventi di rilevanza cittadina, assieme a guide turistiche autorizzate.<\/p>\n\n\n\n<p>La Compagnia dello StilePisano ha contribuito alla <strong>Giornata Nazionale delle Ferrovie Dimenticate<\/strong> proponendo visite guidate sulle tracce del vecchio \u201ctrammino\u201d, ovvero la tramvia elettrica che collegava Pisa al Litorale.<\/p>\n\n\n\n<p>Innumerevoli infine gli <strong>interventi sui giornali<\/strong> riguardanti le varie problematiche cittadine, vedasi Aeroporto-Porto-degrado ecc.<\/p>\n\n\n\n<p>Gli anni 2020 e 2021, conseguentemente agli eventi che hanno stravolto la vita di tutti noi, ci hanno visti ridurre drasticamente i nostri eventi.<\/p>\n\n\n\n<p>Dal 2022 siamo regolarmente iscritti al RUNTS, il Registro Unico Nazionale del Terzo Settore.<\/p>\n","protected":false},"excerpt":{"rendered":"<p>La Compagnia dello StilePisano nasce il 9 agosto del 2006 da un gruppo di amici innamorati e coscienti di abitare in una citt\u00e0 ricca di storia, tradizione e infrastrutture degne di una Grande citt\u00e0. In questi anni l&#8217;associazione si \u00e9 distinta in diverse battaglie: innumerevoli gli interventi per salvaguardare la pisanit\u00e0 di eventi culturali, vedesi&hellip;<\/p>\n","protected":false},"author":1,"featured_media":0,"parent":0,"menu_order":0,"comment_status":"closed","ping_status":"closed","template":"","meta":{"footnotes":""},"class_list":["post-872","page","type-page","status-publish","hentry"],"_links":{"self":[{"href":"https:\/\/www.compagniadellostilepisano.it\/index.php?rest_route=\/wp\/v2\/pages\/872","targetHints":{"allow":["GET"]}}],"collection":[{"href":"https:\/\/www.compagniadellostilepisano.it\/index.php?rest_route=\/wp\/v2\/pages"}],"about":[{"href":"https:\/\/www.compagniadellostilepisano.it\/index.php?rest_route=\/wp\/v2\/types\/page"}],"author":[{"embeddable":true,"href":"https:\/\/www.compagniadellostilepisano.it\/index.php?rest_route=\/wp\/v2\/users\/1"}],"replies":[{"embeddable":true,"href":"https:\/\/www.compagniadellostilepisano.it\/index.php?rest_route=%2Fwp%2Fv2%2Fcomments&post=872"}],"version-history":[{"count":1,"href":"https:\/\/www.compagniadellostilepisano.it\/index.php?rest_route=\/wp\/v2\/pages\/872\/revisions"}],"predecessor-version":[{"id":874,"href":"https:\/\/www.compagniadellostilepisano.it\/index.php?rest_route=\/wp\/v2\/pages\/872\/revisions\/874"}],"wp:attachment":[{"href":"https:\/\/www.compagniadellostilepisano.it\/index.php?rest_route=%2Fwp%2Fv2%2Fmedia&parent=872"}],"curies":[{"name":"wp","href":"https:\/\/api.w.org\/{rel}","templated":true}]}}